{"id":305,"date":"2015-09-29T01:46:51","date_gmt":"2015-09-29T04:46:51","guid":{"rendered":"http:\/\/www.proyectaryproducir.com.ar\/?page_id=305"},"modified":"2023-04-24T14:40:59","modified_gmt":"2023-04-24T17:40:59","slug":"seminarios-posgrado","status":"publish","type":"page","link":"https:\/\/www.proyectaryproducir.com.ar\/?page_id=305","title":{"rendered":"Seminarios Posgrado"},"content":{"rendered":"<h2><strong>Programa para Seminario Taller de Posgrado FBA-UNLP<\/strong><\/h2>\n<h3><strong><a href=\"https:\/\/www.proyectaryproducir.com.ar\/public_html\/Seminarios_Posgrado\/ProgramaSeminario Taller de posgradoFBA-UNLP 2016.pdf\" target=\"_blank\" rel=\"noopener\">Dise\u00f1o para la sustentabilidad social, econ\u00f3mica y ambiental<\/a><\/strong><strong><em>&nbsp;<\/em><\/strong><\/h3>\n<p><strong>Aplicaci\u00f3n integrada de An\u00e1lisis de Ciclo de Vida (ACV) y Cadenas Globales de Valor (CGV)<\/strong><\/p>\n<p>Octubre de 2016<\/p>\n<p><strong>Docentes: Ing. Guillermo Canale &#8211; D. I. M. del R. Bernatene<br \/>\nDuraci\u00f3n : 6 clases de 5hs<\/strong><\/p>\n<p><strong>Fundamentaci\u00f3n<\/strong><\/p>\n<p style=\"text-align: right; padding-left: 180px;\">El noventa y cinco por ciento de los Dise\u00f1adores en el mundo enfocan todos sus esfuerzos en desarrollar productos y servicios exclusivamente para el diez por ciento m\u00e1s rico de los clientes en el mundo. Se necesita nada menos que una revoluci\u00f3n en el Dise\u00f1o para llegar al otro 90%.<br \/>\n<strong>Paul Polak\u00b9<\/strong><\/p>\n<p>&nbsp;<\/p>\n<p style=\"text-align: justify;\">Desde los a\u00f1os &#8217;80 del siglo XX en adelante, los abordajes sociales, ambientales y econ\u00f3micos en dise\u00f1o han avanzado en alcance y profundidad te\u00f3rica como metodol\u00f3gica, pero lo han hecho de forma separada, aislados los casos unos de otros, con gran diversidad de metodolog\u00edas que no dialogan entre s\u00ed. En la actualidad, hay un inter\u00e9s declarado tanto de universidades como instituciones gubernamentales y empresas para superar esta fragmentaci\u00f3n.<\/p>\n<p style=\"text-align: justify;\">La propuesta del seminario se funda en la necesidad de exponer las principales iniciativas internacionales orientadas a este fin. A la par que se muestran casos de Dise\u00f1o para el bien social, se desarrollar\u00e1n los m\u00e9todos de An\u00e1lisis de Ciclo de Vida (ACV) y Cadenas Globales de Valor (CGV), cada uno con sus implicancias sociales. Estas herramientas consensuadas a nivel internacional, son indispensables para demostrar la sustentabilidad de cualquier proyecto de innovaci\u00f3n en dise\u00f1o.<\/p>\n<p style=\"text-align: justify;\">Los dos m\u00e9todos (ACV Y CGV) operan como herramientas para el an\u00e1lisis del dise\u00f1o en una primera instancia y para la gesti\u00f3n en una segunda. Mientras CGV sirve para analizar d\u00f3nde intervenir en una cadena productiva, para qu\u00e9, para qui\u00e9n\/es y con qui\u00e9nes, el ACV brinda herramientas para priorizar los atributos de dise\u00f1o que deben tener los artefactos que se requieren en esos procesos, definir el c\u00f3mo.<\/p>\n<p><a href=\"#_ftnref1\" name=\"_ftn1\">[1]<\/a> <strong>Polak, Paul R.<\/strong> \u2013(2007) en <em>Design for the other ninety percent- <\/em>Smithsonian Institution \u2013 Cooper- Hewitt National Design Museum \u2013 New York p\u00e1g. 19<\/p>\n<hr \/>\n<p><strong>Materiales:<\/strong><\/p>\n<ul>\n<li><a href=\"https:\/\/www.proyectaryproducir.com.ar\/public_html\/Seminarios_Posgrado\/ProgramaSeminario Taller de posgradoFBA-UNLP 2016.pdf\"><strong>Programa<\/strong><\/a><\/li>\n<\/ul>\n<ul>\n<li><a href=\"https:\/\/www.proyectaryproducir.com.ar\/?page_id=366\"><strong>Bibliograf\u00eda Obligatoria<\/strong><\/a><\/li>\n<\/ul>\n<ul>\n<li><a href=\"https:\/\/www.proyectaryproducir.com.ar\/?page_id=355\"><strong>Bibliograf\u00eda Complementaria<\/strong><\/a><\/li>\n<\/ul>\n<ul>\n<li><a href=\"https:\/\/www.proyectaryproducir.com.ar\/?page_id=369\"><strong>Enunciado Trabajo Pr\u00e1ctico<\/strong><\/a><\/li>\n<\/ul>\n<ul>\n<li><a href=\"https:\/\/www.proyectaryproducir.com.ar\/?page_id=344\"><strong>Herramientas Metodol\u00f3gicas<\/strong><\/a><\/li>\n<\/ul>\n<hr \/>","protected":false},"excerpt":{"rendered":"<p>Programa para Seminario Taller de Posgrado FBA-UNLP Dise\u00f1o para la sustentabilidad social, econ\u00f3mica y ambiental&nbsp; Aplicaci\u00f3n integrada de An\u00e1lisis de Ciclo de Vida (ACV) y Cadenas Globales de Valor (CGV) Octubre de 2016 Docentes: Ing. Guillermo Canale &#8211; D. I. M. del R. Bernatene Duraci\u00f3n : 6 clases de 5hs Fundamentaci\u00f3n El noventa y cinco [&hellip;]<\/p>","protected":false},"author":4,"featured_media":0,"parent":0,"menu_order":0,"comment_status":"open","ping_status":"open","template":"","meta":{"footnotes":""},"class_list":["post-305","page","type-page","status-publish","hentry"],"_links":{"self":[{"href":"https:\/\/www.proyectaryproducir.com.ar\/index.php?rest_route=\/wp\/v2\/pages\/305","targetHints":{"allow":["GET"]}}],"collection":[{"href":"https:\/\/www.proyectaryproducir.com.ar\/index.php?rest_route=\/wp\/v2\/pages"}],"about":[{"href":"https:\/\/www.proyectaryproducir.com.ar\/index.php?rest_route=\/wp\/v2\/types\/page"}],"author":[{"embeddable":true,"href":"https:\/\/www.proyectaryproducir.com.ar\/index.php?rest_route=\/wp\/v2\/users\/4"}],"replies":[{"embeddable":true,"href":"https:\/\/www.proyectaryproducir.com.ar\/index.php?rest_route=%2Fwp%2Fv2%2Fcomments&post=305"}],"version-history":[{"count":38,"href":"https:\/\/www.proyectaryproducir.com.ar\/index.php?rest_route=\/wp\/v2\/pages\/305\/revisions"}],"predecessor-version":[{"id":931,"href":"https:\/\/www.proyectaryproducir.com.ar\/index.php?rest_route=\/wp\/v2\/pages\/305\/revisions\/931"}],"wp:attachment":[{"href":"https:\/\/www.proyectaryproducir.com.ar\/index.php?rest_route=%2Fwp%2Fv2%2Fmedia&parent=305"}],"curies":[{"name":"wp","href":"https:\/\/api.w.org\/{rel}","templated":true}]}}